{"id":78980,"date":"2023-06-28T10:37:39","date_gmt":"2023-06-28T08:37:39","guid":{"rendered":"https:\/\/www.hellosiegfried.com\/gewinnspielbedingungen-amorelie\/"},"modified":"2023-06-28T10:57:11","modified_gmt":"2023-06-28T08:57:11","slug":"gewinnspielbedingungen-amorelie","status":"publish","type":"page","link":"https:\/\/www.hellosiegfried.com\/en\/gewinnspielbedingungen-amorelie\/","title":{"rendered":"Siegfried x AMORELIE \u2013 Gewinnspielbedingungen"},"content":{"rendered":"<div class=\"fusion-fullwidth fullwidth-box fusion-builder-row-1 fusion-flex-container has-pattern-background has-mask-background nonhundred-percent-fullwidth non-hundred-percent-height-scrolling\" style=\"--awb-border-radius-top-left:0px;--awb-border-radius-top-right:0px;--awb-border-radius-bottom-right:0px;--awb-border-radius-bottom-left:0px;--awb-margin-top:100px;--awb-flex-wrap:wrap;\" ><div class=\"fusion-builder-row fusion-row fusion-flex-align-items-flex-start fusion-flex-content-wrap\" style=\"max-width:1248px;margin-left: calc(-4% \/ 2 );margin-right: calc(-4% \/ 2 );\"><div class=\"fusion-layout-column fusion_builder_column fusion-builder-column-0 fusion_builder_column_1_1 1_1 fusion-flex-column\" style=\"--awb-bg-size:cover;--awb-width-large:100%;--awb-margin-top-large:20px;--awb-spacing-right-large:1.92%;--awb-margin-bottom-large:20px;--awb-spacing-left-large:1.92%;--awb-width-medium:100%;--awb-order-medium:0;--awb-spacing-right-medium:1.92%;--awb-spacing-left-medium:1.92%;--awb-width-small:100%;--awb-order-small:0;--awb-spacing-right-small:1.92%;--awb-spacing-left-small:1.92%;\"><div class=\"fusion-column-wrapper fusion-column-has-shadow fusion-flex-justify-content-flex-start fusion-content-layout-column\"><div class=\"fusion-title title fusion-title-1 fusion-sep-none fusion-title-text fusion-title-size-one\"><h1 class=\"fusion-title-heading title-heading-left fusion-responsive-typography-calculated\" style=\"margin:0;--fontSize:50;line-height:1.2;\">Siegfried x AMORELIE \u2013 Gewinnspielbedingungen &amp; Datenschutzbestimmungen<\/h1><\/div><div class=\"fusion-text fusion-text-1\"><h2>I Teilnahmebedingungen<\/h2>\n<p>Diese Teilnahmebedingungen gelten f\u00fcr die Teilnahme am Gewinnspiel der Kooperation zwischen Siegfried und Amorelie (nachfolgend bezeichnet als \u201cGewinnspiel\u201c oder \u201cGewinnspielaktion\u201d). Veranstalter des Gewinnspiels und die datenschutzrechtlich verantwortliche Stelle ist die Rheinland Distillers GmbH, Mozartstr. 24, 53115 Bonn, vertreten durch die Gesch\u00e4ftsf\u00fchrer Gerald Koenen und Raphael Vollmar. Mit der Teilnahme am Gewinnspiel werden die Teilnahmebedingungen und die Datenschutzbestimmungen von den Teilnehmern akzeptiert.<\/p>\n<ol>\n<li><strong>Voraussetzungen f\u00fcr die Teilnahme<\/strong><\/li>\n<\/ol>\n<p>Zur Teilnahme m\u00fcssen die Teilnehmer auf instagram.com den Accounts von @amorelie und @hellosiegfried folgen und sich unter www.hellosiegfried.com\/info\/amorelie f\u00fcr das Gewinnspiel unter Angabe Ihres Namens, Geburtsdatums, E-Mail-Adresse, Anschrift und Instagram-ID (Name bei Instagram) registrieren. Teilnehmen k\u00f6nnen alle Personen <u>ab 18 Jahren mit postalischer Anschrift in Deutschland<\/u>.<\/p>\n<p>Ausgeschlossen sind Mitarbeiter (und der deren direkte Angeh\u00f6rige) der Rheinland Distillers GmbH und der Sonoma Internet GmbH, sowie deren Tochter- und Schwestergesellschaften.<\/p>\n<p>Der Veranstalter beh\u00e4lt sich das Recht vor, Teilnehmer, die manipulieren oder anderweitig gegen diese Teilnahmebedingungen versto\u00dfen, jederzeit und ohne Vorank\u00fcndigung von der Teilnahme an der Gewinnspielaktion auszuschlie\u00dfen.<\/p>\n<p>Nicht gestattet sind unwahre Angaben (insbesondere beim Alter), Mehrfachteilnahmen und\/oder die Teilnahme durch automatisierte Handlungen (z.B. automatisiertes Ausf\u00fcllen von Formularen, automatisiert erstellte Instagram Accounts). Teilnehmer werden ebenfalls disqualifiziert, wenn sie zum Zeitpunkt der Ziehung der Gewinner nicht mehr den beiden Instagram Accounts @amorelie und @hellosiegfried folgen.<\/p>\n<ol start=\"2\">\n<li><strong>Gewinn, Gewinnerbenachrichtigung und Gewinnanspruch<\/strong><\/li>\n<\/ol>\n<p>Insgesamt gibt es 69 Gewinne, die jeweils aus einer nummerierten Flasche Siegfried Rheinland Dry Gin (0,5L, 41% vol.) in Form einer Limited-Edition (SIEGFRIED x AMORELIE) und einem Drifter Sexspielzeug in limitierter Spezialverpackung besteht.<\/p>\n<p>Das Gewinnspiel endet am 01.08.2023. Die Gewinner werden per Mail benachrichtigt und erhalten ihren Gewinn als Paketsendung via DHL an die registrierte Anschrift. Kann ein Paket 2x nicht zugestellt werden, so erlischt der Gewinnanspruch.<\/p>\n<ol start=\"3\">\n<li><strong>Haftungseinschr\u00e4nkung<\/strong><\/li>\n<\/ol>\n<p>F\u00fcr eine Haftung des Veranstalters auf Schadensersatz gelten unbeschadet der sonstigen gesetzlichen Anspruchsvoraussetzungen folgende Haftungsausschl\u00fcsse und Haftungsbegrenzungen:<\/p>\n<p>Der Veranstalter haftet unbeschr\u00e4nkt, soweit die Schadensursache auf Vorsatz oder grober Fahrl\u00e4ssigkeit beruht. Ferner haftet der Veranstalter f\u00fcr die leicht fahrl\u00e4ssige Verletzung von wesentlichen Pflichten, deren Verletzung die Erreichung des Vertragszwecks gef\u00e4hrdet, oder f\u00fcr die Verletzung von Pflichten, deren Erf\u00fcllung die ordnungsgem\u00e4\u00dfe Durchf\u00fchrung der Gewinnspielaktion \u00fcberhaupt erst erm\u00f6glichen und auf deren Einhaltung die Vertragspartner regelm\u00e4\u00dfig vertrauen. In diesem Fall haftet der Veranstalter jedoch nur f\u00fcr den vorhersehbaren, vertragstypischen Schaden. Der Veranstalter haftet nicht f\u00fcr die leicht fahrl\u00e4ssige Verletzung anderer als der in den vorstehenden S\u00e4tzen genannten Pflichten.<\/p>\n<p>Die vorstehenden Haftungsbeschr\u00e4nkungen gelten nicht bei Verletzung von Leben, K\u00f6rper und Gesundheit, f\u00fcr einen Mangel nach \u00dcbernahme von Beschaffenheitsgarantien f\u00fcr die Beschaffenheit eines Produktes und bei arglistig verschwiegenen M\u00e4ngeln. Die Haftung nach dem Produkthaftungsgesetz bleibt unber\u00fchrt. Soweit die Haftung des Veranstalters ausgeschlossen oder beschr\u00e4nkt ist, gilt dies auch f\u00fcr die pers\u00f6nliche Haftung von seinen Arbeitnehmern, Vertretern und Erf\u00fcllungsgehilfen.<\/p>\n<h2>II Datenschutzhinweise f\u00fcr Gewinnspiele nach Artikel 13 Europ\u00e4ische Datenschutz-Grundverordnung (DSGVO)<\/h2>\n<p><strong>\u00a0<\/strong><\/p>\n<p><strong>\u00a0<\/strong><\/p>\n<p>Diese nachfolgenden \u201eDatenschutzhinweise f\u00fcr Gewinnspiele und Aktionen\u201c gelten erg\u00e4nzend zu unseren Datenschutzhinweisen, abrufbar unter https:\/\/www.hellosiegfried.com\/agb_datenschutz\/<\/p>\n<p>1\u00a0Verantwortlicher und Datenschutzbeauftragter<br \/>\n1.1\u00a0Name und Anschrift des Verantwortlichen<\/p>\n<p>Verantwortlicher im Sinne der DSGVO und anderer nationaler Datenschutzgesetze der Mitgliedsstaaten sowie sonstiger datenschutzrechtlicher Bestimmungen ist die:<\/p>\n<p>Rheinland Distillers GmbH<br \/>\nMozartstr. 24<br \/>\n53115 Bonn<\/p>\n<p>Mail: info@hellosiegfried.com<br \/>\nTelefon: +49 (228) 24992504<\/p>\n<h3>1.2 Kontaktdaten des Datenschutzbeauftragten<\/h3>\n<p>Rheinland Distillers GmbH<br \/>\nDatenschutz<br \/>\nMozartstr. 24<br \/>\n53115 Bonn<\/p>\n<p>Mail: info@hellosiegfried.com<br \/>\nTelefon: +49 (228) 24992504<\/p>\n<h3>2 Allgemeines zur Datenverarbeitung<br \/>\n2.1 Umfang der Verarbeitung personenbezogener Daten<\/h3>\n<p>Bei der Teilnahme an einem Gewinnspiel oder einer Aktion verarbeiten wir die von Ihnen in dem Anmeldformular angegebenen Daten und Informationen. Hierzu geh\u00f6ren die zur Teilnahme erforderlichen Daten wie z.B.<\/p>\n<ul>\n<li>Name und Nachname<\/li>\n<li>E-Mail-Adresse<\/li>\n<li>Postalische Anschrift<\/li>\n<li>Altersbest\u00e4tigung (\u00fcber 18 Jahre)<\/li>\n<li>Instagram ID<\/li>\n<\/ul>\n<p>sowie gegebenenfalls die von Ihnen im Rahmen der Teilnahme freiwillig angegebenen Daten und Informationen.<\/p>\n<h3>2.2 Zweck der Verarbeitung personenbezogener Daten<\/h3>\n<p>Die Verarbeitung Ihrer personenbezogenen Daten erfolgt zu dem Zweck der Abwicklung des Gewinnspiels oder der Aktion, insbesondere zur Ermittlung und Benachrichtigung der Gewinner und zur Zusendung der Preise.<\/p>\n<p>2.3 Rechtsgrundlage f\u00fcr die Verarbeitung<\/p>\n<p>Rechtsgrundlage f\u00fcr die Verarbeitung ist die Erf\u00fcllung des durch die Teilnahme an dem Gewinnspiel bestehenden Schuldverh\u00e4ltnisses (Art. 6 Abs. 1 Satz 1 lit. b DSGVO)<\/p>\n<h3>2.4 Widerspruchsm\u00f6glichkeit<\/h3>\n<p>Sie k\u00f6nnen der Verarbeitung Ihrer Daten im Rahmen des Gewinnspiels jederzeit widersprechen. Senden Sie hierzu eine Nachricht an info@hellosiegfried.com oder eine der oben angegebenen Kontaktadressen. Wir weisen Sie darauf hin, dass im Falle eines Widerspruchs die weitere Teilnahme an dem Gewinnspiel oder der Aktion ausgeschlossen ist.<\/p>\n<p>Dieser Ausschluss gilt nicht, wenn man lediglich die Zustimmung zur Zusendung eines Newsletters widerruft. Ein solcher Widerruf ist zu richten an den jeweiligen Anbieter:<\/p>\n<p>Rheinland Distillers GmbH (Siegfried): <a href=\"mailto:info@hellosiegfried.com\">info@hellosiegfried.com<\/a><\/p>\n<p>Sonoma Internet GmbH (Amorelie): <a href=\"mailto:datenschutz@amorelie.com\">datenschutz@amorelie.com<\/a><\/p>\n<h3>2.5 Datenl\u00f6schung und Speicherdauer<\/h3>\n<p>Die verarbeiteten Daten werden nach Beendigung oder Ablauf des Gewinnspiels oder der Aktion und Versendung der Gewinne gel\u00f6scht.<\/p>\n<p>Hat ein Teilnehmer bei der Anmeldung in die Zusendung von Informationen \u00fcber Produkte und Leistungen (Newsletter) der Rheinland Distillers GmbH und\/oder der Sonoma Internet GmbH eingewilligt, erfolgt die weitere Verarbeitung der von dieser Einwilligung umfassten Daten und Informationen entsprechend den gesetzlichen Bestimmungen. Informationen zur Verarbeitung Ihrer Daten zu Werbezwecken entnehmen Sie bitte auch den jeweiligen Datenschutzhinweisen, abrufbar unter:<\/p>\n<p><a href=\"https:\/\/www.hellosiegfried.com\/en\/privacy\/\">https:\/\/www.hellosiegfried.com\/agb_datenschutz\/<\/a><\/p>\n<p>https:\/\/www.amorelie.de\/kundenservice\/datenschutz-amorelie.html<\/p>\n<h3>3 Rechte der betroffenen Person<\/h3>\n<p>Werden personenbezogene Daten von Ihnen verarbeitet, sind Sie Betroffener i.S.d. DSGVO und es stehen Ihnen folgende Rechte gegen\u00fcber uns als dem Verantwortlichen zu:<\/p>\n<ul>\n<li>Auskunftsrecht<\/li>\n<li>Recht auf Berichtigung<\/li>\n<li>Recht auf Einschr\u00e4nkung der Verarbeitung<\/li>\n<li>Recht auf L\u00f6schung<\/li>\n<li>Recht auf Unterrichtung<\/li>\n<li>Recht auf Daten\u00fcbertragbarkeit<\/li>\n<li>Widerspruchsrecht<\/li>\n<li>Recht auf Widerruf der datenschutzrechtlichen Einwilligungserkl\u00e4rung<\/li>\n<li>Beschwerderecht<\/li>\n<\/ul>\n<p>Weitere Ausf\u00fchrungen zu Ihren Betroffenenrechten entnehmen Sie bitte unseren Datenschutzhinweisen, abrufbar unter\u00a0<a href=\"https:\/\/www.hellosiegfried.com\/en\/privacy\/\">https:\/\/www.hellosiegfried.com\/agb_datenschutz\/<\/a><\/p>\n<p><strong>4 Typeform als Dienstleister<\/strong><br \/>\nWir verwenden f\u00fcr unser die Erfassung der Daten f\u00fcr das Gewinnspielden Dienst Typeform von TYPEFORM SL, C\/Bac de Roda, 163 (Local), 08018 Barcelona Spanien (Typeform).<\/p>\n<p>Typeform ist Empf\u00e4nger Ihrer personenbezogenen Daten und als Auftragsverarbeiter f\u00fcr uns t\u00e4tig. Die Verarbeitung der unter diesem Abschnitt angegebenen Daten ist weder gesetzlich noch vertraglich vorgeschrieben. Ohne Ihre Einwilligung und die \u00dcbermittlung Ihrer personenbezogenen Daten, k\u00f6nnen wir Ihnen kein Gewinnformular zur Verf\u00fcgung stellen.<\/p>\n<p>Zus\u00e4tzlich werden von Typeform folgende personenbezogene Daten mit Hilfe von Cookies gesammelt: Informationen \u00fcber Ihr Endger\u00e4t (IP-Adresse, Ger\u00e4teinformationen, Betriebssystem, Browsereinstellungen). Dar\u00fcber hinaus werden Nutzungsdaten gesammelt wie Datum und Uhrzeit, wann Sie die das Kontaktformular genutzt haben. Typeform ben\u00f6tigt diese Daten, um die Darstellung des Kontaktformulars und die Funktionsf\u00e4higkeit zu gew\u00e4hrleisten. Dies entspricht dem berechtigten Interesse Typeforms (gem. Art. 6 Abs. 1 lit. f DSGVO) und dient der Vertragsdurchf\u00fchrung (gem. Art. 6 Abs. 1 lit. b DSGVO). Weitere Informationen finden Sie unter:\u00a0<a href=\"https:\/\/help.typeform.com\/hc\/en-us\/articles\/360029581691-What-happens-to-my-data\">https:\/\/help.typeform.com\/hc\/en-us\/articles\/360029581691-What-happens-to-my-data<\/a><\/p>\n<p>Weitere Informationen zu Widerspruchs- und Beseitigungsm\u00f6glichkeiten gegen\u00fcber Typeform finden Sie unter:\u00a0<a href=\"https:\/\/admin.typeform.com\/to\/dwk6gt\">https:\/\/admin.typeform.com\/to\/dwk6gt<\/a><\/p>\n<p>Rechtsgrundlage f\u00fcr diese Verarbeitungen ist Ihre Einwilligung gem\u00e4\u00df Art. 6 Abs. 1 lit. a DSGVO. Die Einwilligung zur Verarbeitung Ihrer personenbezogenen Daten k\u00f6nnen Sie jederzeit widerrufen. Der Widerruf kann \u00fcber die angegebenen Kontaktm\u00f6glichkeiten erfolgen. Ihre Daten werden solange verarbeitet, wie eine entsprechende Einwilligung vorliegt. Durch Erkl\u00e4rung des Widerrufs, wird die Rechtm\u00e4\u00dfigkeit, der bisher erfolgten Verarbeitung nicht ber\u00fchrt.<\/p>\n<\/div><\/div><\/div><\/div><\/div>\n","protected":false},"excerpt":{"rendered":"","protected":false},"author":2,"featured_media":0,"parent":0,"menu_order":0,"comment_status":"closed","ping_status":"closed","template":"","meta":{"_acf_changed":false,"footnotes":""},"class_list":["post-78980","page","type-page","status-publish","hentry"],"acf":[],"yoast_head":"<!-- This site is optimized with the Yoast SEO plugin v25.3 - https:\/\/yoast.com\/wordpress\/plugins\/seo\/ -->\n<title>Siegfried x AMORELIE \u2013 Gewinnspielbedingungen - Say hello to Siegfried - Drink different<\/title>\n<meta name=\"robots\" content=\"index, follow, max-snippet:-1, max-image-preview:large, max-video-preview:-1\" \/>\n<link rel=\"canonical\" href=\"https:\/\/www.hellosiegfried.com\/en\/gewinnspielbedingungen-amorelie\/\" \/>\n<meta property=\"og:locale\" content=\"en_US\" \/>\n<meta property=\"og:type\" content=\"article\" \/>\n<meta property=\"og:title\" content=\"Siegfried x AMORELIE \u2013 Gewinnspielbedingungen - Say hello to Siegfried - Drink different\" \/>\n<meta property=\"og:url\" content=\"https:\/\/www.hellosiegfried.com\/en\/gewinnspielbedingungen-amorelie\/\" \/>\n<meta property=\"og:site_name\" content=\"Say hello to Siegfried - Drink different\" \/>\n<meta property=\"article:modified_time\" content=\"2023-06-28T08:57:11+00:00\" \/>\n<meta name=\"twitter:card\" content=\"summary_large_image\" \/>\n<meta name=\"twitter:label1\" content=\"Est. reading time\" \/>\n\t<meta name=\"twitter:data1\" content=\"12 minutes\" \/>\n<script type=\"application\/ld+json\" class=\"yoast-schema-graph\">{\"@context\":\"https:\/\/schema.org\",\"@graph\":[{\"@type\":\"WebPage\",\"@id\":\"https:\/\/www.hellosiegfried.com\/en\/gewinnspielbedingungen-amorelie\/\",\"url\":\"https:\/\/www.hellosiegfried.com\/en\/gewinnspielbedingungen-amorelie\/\",\"name\":\"Siegfried x AMORELIE \u2013 Gewinnspielbedingungen - Say hello to Siegfried - Drink different\",\"isPartOf\":{\"@id\":\"https:\/\/www.hellosiegfried.com\/#website\"},\"datePublished\":\"2023-06-28T08:37:39+00:00\",\"dateModified\":\"2023-06-28T08:57:11+00:00\",\"breadcrumb\":{\"@id\":\"https:\/\/www.hellosiegfried.com\/en\/gewinnspielbedingungen-amorelie\/#breadcrumb\"},\"inLanguage\":\"en-US\",\"potentialAction\":[{\"@type\":\"ReadAction\",\"target\":[\"https:\/\/www.hellosiegfried.com\/en\/gewinnspielbedingungen-amorelie\/\"]}]},{\"@type\":\"BreadcrumbList\",\"@id\":\"https:\/\/www.hellosiegfried.com\/en\/gewinnspielbedingungen-amorelie\/#breadcrumb\",\"itemListElement\":[{\"@type\":\"ListItem\",\"position\":1,\"name\":\"Startseite\",\"item\":\"https:\/\/www.hellosiegfried.com\/en\/\"},{\"@type\":\"ListItem\",\"position\":2,\"name\":\"Siegfried x AMORELIE \u2013 Gewinnspielbedingungen\"}]},{\"@type\":\"WebSite\",\"@id\":\"https:\/\/www.hellosiegfried.com\/#website\",\"url\":\"https:\/\/www.hellosiegfried.com\/\",\"name\":\"Say hello to Siegfried - Drink different\",\"description\":\"Siegfried Rheinland Dry Gin, Wonderleaf &amp; Wonderoak\",\"potentialAction\":[{\"@type\":\"SearchAction\",\"target\":{\"@type\":\"EntryPoint\",\"urlTemplate\":\"https:\/\/www.hellosiegfried.com\/?s={search_term_string}\"},\"query-input\":{\"@type\":\"PropertyValueSpecification\",\"valueRequired\":true,\"valueName\":\"search_term_string\"}}],\"inLanguage\":\"en-US\"}]}<\/script>\n<!-- \/ Yoast SEO plugin. -->","yoast_head_json":{"title":"Siegfried x AMORELIE \u2013 Gewinnspielbedingungen - Say hello to Siegfried - Drink different","robots":{"index":"index","follow":"follow","max-snippet":"max-snippet:-1","max-image-preview":"max-image-preview:large","max-video-preview":"max-video-preview:-1"},"canonical":"https:\/\/www.hellosiegfried.com\/en\/gewinnspielbedingungen-amorelie\/","og_locale":"en_US","og_type":"article","og_title":"Siegfried x AMORELIE \u2013 Gewinnspielbedingungen - Say hello to Siegfried - Drink different","og_url":"https:\/\/www.hellosiegfried.com\/en\/gewinnspielbedingungen-amorelie\/","og_site_name":"Say hello to Siegfried - Drink different","article_modified_time":"2023-06-28T08:57:11+00:00","twitter_card":"summary_large_image","twitter_misc":{"Est. reading time":"12 minutes"},"schema":{"@context":"https:\/\/schema.org","@graph":[{"@type":"WebPage","@id":"https:\/\/www.hellosiegfried.com\/en\/gewinnspielbedingungen-amorelie\/","url":"https:\/\/www.hellosiegfried.com\/en\/gewinnspielbedingungen-amorelie\/","name":"Siegfried x AMORELIE \u2013 Gewinnspielbedingungen - Say hello to Siegfried - Drink different","isPartOf":{"@id":"https:\/\/www.hellosiegfried.com\/#website"},"datePublished":"2023-06-28T08:37:39+00:00","dateModified":"2023-06-28T08:57:11+00:00","breadcrumb":{"@id":"https:\/\/www.hellosiegfried.com\/en\/gewinnspielbedingungen-amorelie\/#breadcrumb"},"inLanguage":"en-US","potentialAction":[{"@type":"ReadAction","target":["https:\/\/www.hellosiegfried.com\/en\/gewinnspielbedingungen-amorelie\/"]}]},{"@type":"BreadcrumbList","@id":"https:\/\/www.hellosiegfried.com\/en\/gewinnspielbedingungen-amorelie\/#breadcrumb","itemListElement":[{"@type":"ListItem","position":1,"name":"Startseite","item":"https:\/\/www.hellosiegfried.com\/en\/"},{"@type":"ListItem","position":2,"name":"Siegfried x AMORELIE \u2013 Gewinnspielbedingungen"}]},{"@type":"WebSite","@id":"https:\/\/www.hellosiegfried.com\/#website","url":"https:\/\/www.hellosiegfried.com\/","name":"Say hello to Siegfried - Drink different","description":"Siegfried Rheinland Dry Gin, Wonderleaf &amp; Wonderoak","potentialAction":[{"@type":"SearchAction","target":{"@type":"EntryPoint","urlTemplate":"https:\/\/www.hellosiegfried.com\/?s={search_term_string}"},"query-input":{"@type":"PropertyValueSpecification","valueRequired":true,"valueName":"search_term_string"}}],"inLanguage":"en-US"}]}},"_links":{"self":[{"href":"https:\/\/www.hellosiegfried.com\/en\/wp-json\/wp\/v2\/pages\/78980","targetHints":{"allow":["GET"]}}],"collection":[{"href":"https:\/\/www.hellosiegfried.com\/en\/wp-json\/wp\/v2\/pages"}],"about":[{"href":"https:\/\/www.hellosiegfried.com\/en\/wp-json\/wp\/v2\/types\/page"}],"author":[{"embeddable":true,"href":"https:\/\/www.hellosiegfried.com\/en\/wp-json\/wp\/v2\/users\/2"}],"replies":[{"embeddable":true,"href":"https:\/\/www.hellosiegfried.com\/en\/wp-json\/wp\/v2\/comments?post=78980"}],"version-history":[{"count":2,"href":"https:\/\/www.hellosiegfried.com\/en\/wp-json\/wp\/v2\/pages\/78980\/revisions"}],"predecessor-version":[{"id":78988,"href":"https:\/\/www.hellosiegfried.com\/en\/wp-json\/wp\/v2\/pages\/78980\/revisions\/78988"}],"wp:attachment":[{"href":"https:\/\/www.hellosiegfried.com\/en\/wp-json\/wp\/v2\/media?parent=78980"}],"curies":[{"name":"wp","href":"https:\/\/api.w.org\/{rel}","templated":true}]}}