{"id":57148,"date":"2020-05-10T13:12:05","date_gmt":"2020-05-10T11:12:05","guid":{"rendered":"https:\/\/www.hellosiegfried.com\/gin-tastings\/"},"modified":"2023-05-08T11:30:34","modified_gmt":"2023-05-08T09:30:34","slug":"gin-tastings","status":"publish","type":"page","link":"https:\/\/www.hellosiegfried.com\/at\/gin-tastings\/","title":{"rendered":"Tastings &#038; Workshops im Showroom von Siegfried Gin"},"content":{"rendered":"<p><div class=\"fusion-fullwidth fullwidth-box fusion-builder-row-1 hundred-percent-fullwidth non-hundred-percent-height-scrolling\" style=\"--awb-border-radius-top-left:0px;--awb-border-radius-top-right:0px;--awb-border-radius-bottom-right:0px;--awb-border-radius-bottom-left:0px;--awb-margin-top:0px;--awb-margin-bottom:0px;--awb-flex-wrap:wrap;\" ><div class=\"fusion-builder-row fusion-row\"><div class=\"fusion-layout-column fusion_builder_column fusion-builder-column-0 fusion_builder_column_1_1 1_1 fusion-one-full fusion-column-first fusion-column-last\" style=\"--awb-bg-size:cover;--awb-margin-top:0px;--awb-margin-bottom:0px;\"><div class=\"fusion-column-wrapper fusion-column-has-shadow fusion-flex-column-wrapper-legacy\">\n<div class=\"fusion-slider-revolution rev_slider_wrapper\">\t\t\t<!-- START WITH title (white) REVOLUTION SLIDER 6.7.34 --><p class=\"rs-p-wp-fix\"><\/p>\n\t\t\t<rs-module-wrap id=\"rev_slider_16_1_wrapper\" data-source=\"post\" style=\"visibility:hidden;background:#ffffff;padding:0;margin:0px auto;margin-top:0;margin-bottom:0;\">\n\t\t\t\t<rs-module id=\"rev_slider_16_1\" style=\"\" data-version=\"6.7.34\">\n\t\t\t\t\t<rs-slides style=\"overflow: hidden; position: absolute;\">\n\t\t\t\t\t\t<rs-slide style=\"position: absolute;\" data-key=\"rs-57148\" data-title=\"Tastings &#038; Workshops im Showroom von Siegfried Gin\" data-anim=\"ms:1400;r:0;\" data-in=\"o:0;e:power1.in;\" data-out=\"a:false;\">\n\t\t\t\t\t\t\t<img decoding=\"async\" src=\"\/\/www.hellosiegfried.com\/wp-content\/plugins\/revslider\/sr6\/assets\/assets\/dummy.png\" alt=\"\" width=\"1800\" height=\"1200\" class=\"rev-slidebg tp-rs-img rs-lazyload\" data-lazyload=\"\/\/www.hellosiegfried.com\/wp-content\/uploads\/2020\/05\/barshot.jpg\" data-parallax=\"15\" data-panzoom=\"d:30000;ss:100%;se:110%;\" data-no-retina>\n<!--\n\t\t\t\t\t\t\t--><rs-layer\n\t\t\t\t\t\t\t\tid=\"slider-16-slide-57148-layer-1\" \n\t\t\t\t\t\t\t\tdata-type=\"image\"\n\t\t\t\t\t\t\t\tdata-rsp_ch=\"on\"\n\t\t\t\t\t\t\t\tdata-xy=\"y:b;yo:-2px;\"\n\t\t\t\t\t\t\t\tdata-text=\"w:normal;s:20,16,12,7;l:0,20,15,9;\"\n\t\t\t\t\t\t\t\tdata-dim=\"w:[&#039;100%&#039;,&#039;100%&#039;,&#039;100%&#039;,&#039;100%&#039;];h:124px,102px,77px,47px;\"\n\t\t\t\t\t\t\t\tdata-basealign=\"slide\"\n\t\t\t\t\t\t\t\tdata-frame_1=\"sp:0;\"\n\t\t\t\t\t\t\t\tdata-frame_999=\"o:0;st:w;sR:9000;\"\n\t\t\t\t\t\t\t\tstyle=\"z-index:8;\"\n\t\t\t\t\t\t\t><img decoding=\"async\" src=\"\/\/www.hellosiegfried.com\/wp-content\/plugins\/revslider\/sr6\/assets\/assets\/dummy.png\" alt=\"\" class=\"disable-lazyload tp-rs-img rs-lazyload\" width=\"1920\" height=\"124\" data-lazyload=\"\/\/www.hellosiegfried.com\/wp-content\/uploads\/2021\/01\/schraege4.png\" data-c=\"fullwidth\" data-no-retina> \n\t\t\t\t\t\t\t<\/rs-layer><!--\n\n\t\t\t\t\t\t\t--><rs-layer\n\t\t\t\t\t\t\t\tid=\"slider-16-slide-57148-layer-2\" \n\t\t\t\t\t\t\t\tdata-type=\"text\"\n\t\t\t\t\t\t\t\tdata-color=\"rgba(255, 255, 255, 0.95)\"\n\t\t\t\t\t\t\t\tdata-rsp_ch=\"on\"\n\t\t\t\t\t\t\t\tdata-xy=\"x:c;y:m;yo:-24px,-19px,-14px,-8px;\"\n\t\t\t\t\t\t\t\tdata-text=\"w:normal;s:55,52,46,40;l:60,55,50,45;fw:400,500,500,500;a:center;\"\n\t\t\t\t\t\t\t\tdata-dim=\"w:90%;\"\n\t\t\t\t\t\t\t\tdata-frame_1=\"e:power0.in;st:1030;sp:2150;sR:1030;\"\n\t\t\t\t\t\t\t\tdata-frame_999=\"o:0;st:w;sR:5820;\"\n\t\t\t\t\t\t\t\tstyle=\"z-index:9;font-family:'Roboto Slab';\"\n\t\t\t\t\t\t\t>Tastings & Workshops im Showroom von Siegfried Gin \n\t\t\t\t\t\t\t<\/rs-layer><!--\n\n\t\t\t\t\t\t\t--><rs-layer\n\t\t\t\t\t\t\t\tid=\"slider-16-slide-57148-layer-4\" \n\t\t\t\t\t\t\t\tdata-type=\"shape\"\n\t\t\t\t\t\t\t\tdata-rsp_ch=\"on\"\n\t\t\t\t\t\t\t\tdata-xy=\"x:c;\"\n\t\t\t\t\t\t\t\tdata-text=\"w:normal;s:20,16,12,7;l:0,20,15,9;\"\n\t\t\t\t\t\t\t\tdata-dim=\"w:100%;h:154px,127px,96px,59px;\"\n\t\t\t\t\t\t\t\tdata-basealign=\"slide\"\n\t\t\t\t\t\t\t\tdata-frame_1=\"sp:1400;\"\n\t\t\t\t\t\t\t\tdata-frame_999=\"o:0;st:w;sR:7600;\"\n\t\t\t\t\t\t\t\tstyle=\"z-index:10;background:linear-gradient(rgba(255,255,255,0.4) 0%, rgba(255,255,255,0) 100%);\"\n\t\t\t\t\t\t\t> \n\t\t\t\t\t\t\t<\/rs-layer><!--\n-->\t\t\t\t\t<\/rs-slide>\n\t\t\t\t\t<\/rs-slides>\n\t\t\t\t\t<rs-static-layers><!--\n\t\t\t\t\t--><\/rs-static-layers>\n\t\t\t\t<\/rs-module>\n\t\t\t\t<script>\n\t\t\t\t\tsetREVStartSize({c: 'rev_slider_16_1',rl:[1240,1024,778,480],el:[680,620,540,500],gw:[1240,1024,778,480],gh:[680,620,540,500],type:'hero',justify:'',layout:'fullwidth',mh:\"0\"});if (window.RS_MODULES!==undefined && window.RS_MODULES.modules!==undefined && window.RS_MODULES.modules[\"revslider161\"]!==undefined) {window.RS_MODULES.modules[\"revslider161\"].once = false;window.revapi16 = undefined;if (window.RS_MODULES.checkMinimal!==undefined) window.RS_MODULES.checkMinimal()}\n\t\t\t\t<\/script>\n\t\t\t<\/rs-module-wrap>\n\t\t\t<!-- END REVOLUTION SLIDER -->\n<\/div><div class=\"fusion-clearfix\"><\/div><\/div><\/div><\/div><\/div><div class=\"fusion-fullwidth fullwidth-box fusion-builder-row-2 nonhundred-percent-fullwidth non-hundred-percent-height-scrolling\" style=\"--awb-border-radius-top-left:0px;--awb-border-radius-top-right:0px;--awb-border-radius-bottom-right:0px;--awb-border-radius-bottom-left:0px;--awb-margin-top:8px;--awb-margin-bottom:0px;--awb-flex-wrap:wrap;\" ><div class=\"fusion-builder-row fusion-row\"><div class=\"fusion-layout-column fusion_builder_column fusion-builder-column-1 fusion_builder_column_1_1 1_1 fusion-one-full fusion-column-first fusion-column-last\" style=\"--awb-bg-size:cover;--awb-margin-top:0px;--awb-margin-bottom:0px;\"><div class=\"fusion-column-wrapper fusion-column-has-shadow fusion-flex-column-wrapper-legacy\"><div class=\"fusion-text fusion-text-1\"><h1>Gin-Tastings und Workshops<\/h1>\n<\/div><div class=\"fusion-clearfix\"><\/div><\/div><\/div><\/div><\/div><div class=\"fusion-fullwidth fullwidth-box fusion-builder-row-3 nonhundred-percent-fullwidth non-hundred-percent-height-scrolling\" style=\"--awb-border-radius-top-left:0px;--awb-border-radius-top-right:0px;--awb-border-radius-bottom-right:0px;--awb-border-radius-bottom-left:0px;--awb-flex-wrap:wrap;\" ><div class=\"fusion-builder-row fusion-row\"><div class=\"fusion-layout-column fusion_builder_column fusion-builder-column-2 fusion_builder_column_1_1 1_1 fusion-one-full fusion-column-first fusion-column-last\" style=\"--awb-bg-size:cover;\"><div class=\"fusion-column-wrapper fusion-column-has-shadow fusion-flex-column-wrapper-legacy\"><div class=\"fusion-alert alert custom alert-custom fusion-alert-center awb-alert-native-link-color fusion-animated\" style=\"--awb-background-color:#f7f4c0;--awb-accent-color:#808080;--awb-border-size:0px;--awb-border-top-left-radius:0px;--awb-border-top-right-radius:0px;--awb-border-bottom-left-radius:0px;--awb-border-bottom-right-radius:0px;\" role=\"alert\" data-animationType=\"fadeInLeft\" data-animationDuration=\"0.3\" data-animationOffset=\"top-into-view\"><div class=\"fusion-alert-content-wrapper\"><span class=\"fusion-alert-content\"><p><strong>Derzeit aufgrund von Corona leider keine Tastings und Workshops<\/strong><\/p>\n<p>Trotzdem gibt es auch gute Nachrichten: Wir er\u00f6ffnen im Herzen der Bonner Innenstadt unser neues Brandhome \u2013 eine Kombination aus erstklassiger Gastronomie, Schulungszentrum und B\u00fcro. Hiermit erf\u00fcllen wir uns einen gro\u00dfen Traum und haben den Anspruch, Euch ein einzigartiges Erlebnis zu bieten. In den neuen R\u00e4umlichkeiten werden dann auch wieder Tastings stattfinden. Wir erweitern sogar unser Schulungs- und Workshopprogramm. Also das Warten lohnt sich, versprochen ;)<\/p><\/span><\/div><\/div><div class=\"fusion-clearfix\"><\/div><\/div><\/div><\/div><\/div><div class=\"fusion-fullwidth fullwidth-box fusion-builder-row-4 nonhundred-percent-fullwidth non-hundred-percent-height-scrolling\" style=\"--awb-border-radius-top-left:0px;--awb-border-radius-top-right:0px;--awb-border-radius-bottom-right:0px;--awb-border-radius-bottom-left:0px;--awb-margin-top:0px;--awb-flex-wrap:wrap;\" ><div class=\"fusion-builder-row fusion-row\"><div class=\"fusion-layout-column fusion_builder_column fusion-builder-column-3 fusion_builder_column_1_1 1_1 fusion-one-full fusion-column-first fusion-column-last\" style=\"--awb-bg-size:cover;--awb-margin-top:0px;\"><div class=\"fusion-column-wrapper fusion-column-has-shadow fusion-flex-column-wrapper-legacy\"><div class=\"fusion-text fusion-text-2\"><h2>Gin Tasting im Showroom von Siegfried Gin<\/h2>\n<p>Nat\u00fcrlich dreht sich nicht nur alles um unseren Siegfried Gin, sondern um das spannende Thema Gin an sich mit all seinen Facetten.<\/p>\n<p><strong>Dauer: ca. 2,5 Stunden<\/strong><br \/>\n<strong> Teilnehmer: max 10 Personen<\/strong><br \/>\n<strong> Preis: 59,- Euro pro Person<\/strong><br \/>\n<strong> (inkl. Welcome Gin&amp;Tonic, ausf\u00fchrlicher Verkostung und einem Siegfried Mini (0,04l) zum Mitnehmen)<\/strong><\/p>\n<p><strong>Inhalt:<\/strong><\/p>\n<ul>\n<li>Geschichte des Gins<\/li>\n<li>Alles \u00fcber die Herstellung<\/li>\n<li>Die unterschiedlichen Sorten im Vergleich (Von London Dry, \u00fcber Sloe und Old Tom bis hin zu New Western Style)<\/li>\n<li>Selbstredend wird viel probiert, denn Schmecken sagt mehr als 1.000 Worte<\/li>\n<\/ul>\n<div><em><strong>Was tun, wenn alle Termine ausgebucht sind?<\/strong><em><br \/>\nWir schalten regelm\u00e4ssig neue Termine frei. Falls Sie nichts verpassen m\u00f6chten, nutzen Sie einfach die &#8222;Folgen&#8220;-Funktion auf unserer Seite bei Eventbrite (<a href=\"https:\/\/www.eventbrite.de\/o\/rheinland-distillers-gmbh-15947643502\" target=\"_blank\" rel=\"noopener noreferrer\"><strong>HIER<\/strong><\/a>) &#8211; sie werden dann automatisch bei neuen Terminen informiert sobald diese verf\u00fcgbar sind.<\/em><\/em><\/div>\n<hr style=\"margin-top: 50px; border-width: 1px; margin: 20px 0 20px 0;\" \/>\n<h2>Workshop &#8222;Fancy Cocktails &amp; Deko&#8220; im Showroom von Siegfried Gin<\/h2>\n<p><strong>Dauer: ca. 2,5 Stunden<\/strong><br \/>\n<strong> Teilnehmer: max 8 Personen<\/strong><br \/>\n<strong> Preis: 69,- Euro pro Person<\/strong><br \/>\n<strong> (inkl. Welcome Gin&amp;Tonic, ausf\u00fchrlicher Verkostung und einem Siegfried Mini (0,04l) zum Mitnehmen)<\/strong><\/p>\n<p><strong>Inhalt:<\/strong><\/p>\n<ul>\n<li>Tipps und Tricks zur perfekten Cocktailherstellung<\/li>\n<li>Perfektes Dekorieren der Drinks<\/li>\n<li>Eigenes Mixen von Cocktails<\/li>\n<li>Selbstredend wird auch hier viel probiert, denn Schmecken sagt mehr als 1.000 Worte<\/li>\n<\/ul>\n<div><em><strong>Was tun, wenn alle Termine ausgebucht sind?<\/strong><em><br \/>\nWir schalten regelm\u00e4ssig neue Termine frei. Falls Sie nichts verpassen m\u00f6chten, nutzen Sie einfach die &#8222;Folgen&#8220;-Funktion auf unserer Seite bei Eventbrite (<a href=\"https:\/\/www.eventbrite.de\/o\/rheinland-distillers-gmbh-15947643502\" target=\"_blank\" rel=\"noopener noreferrer\"><strong>HIER<\/strong><\/a>) &#8211; sie werden dann automatisch bei neuen Terminen informiert sobald diese verf\u00fcgbar sind.<\/em><\/em><\/div>\n<hr style=\"margin-top: 50px; border-width: 1px;\" \/>\n<h3>H\u00c4UFIGE FRAGEN<\/h3>\n<p><em>Gibt es ein Mindestalter?<\/em><br \/>\nJa, man muss mindestens 18 Jahre alt sein<\/p>\n<p><em>Kann man <strong>Gutscheine<\/strong> kaufen?<\/em><br \/>\nLeider nein, es sind nur termingebundene Tickets erh\u00e4ltlich (Ihr k\u00f6nnt Euch aber gerne selber einen Gutschein basteln ;)<\/p>\n<p><em>Wo befindet sich die Location?<\/em><br \/>\nDer Showroom befindet sich in Bonn, fu\u00dfl\u00e4ufig vom Hauptbahnhof (Mozartstr. 24, 53115 Bonn)<\/p>\n<p><em>Kann ich von einer Buchung zur\u00fccktreten und die Tickets zur\u00fcckgeben?<\/em><br \/>\nBis 7 Tage vor dem Event ist das problemlos m\u00f6glich.<\/p>\n<p><em>Sind die Tickets \u00fcbertragbar?<\/em><br \/>\nJa, kein Problem.<\/p>\n<p><em>Kann ich jemanden mitbringen, der &#8222;nur zuschaut&#8220;?<\/em><br \/>\nNice try! ;-) Leider ist das nicht m\u00f6glich. Im Zweifel, kontaktiere uns einfach.<\/p>\n<\/div><div class=\"fusion-clearfix\"><\/div><\/div><\/div><\/div><\/div><\/p>\n","protected":false},"excerpt":{"rendered":"","protected":false},"author":3,"featured_media":57149,"parent":0,"menu_order":0,"comment_status":"closed","ping_status":"closed","template":"100-width.php","meta":{"_acf_changed":false,"footnotes":""},"class_list":["post-57148","page","type-page","status-publish","has-post-thumbnail","hentry"],"acf":[],"yoast_head":"<!-- This site is optimized with the Yoast SEO plugin v25.3 - https:\/\/yoast.com\/wordpress\/plugins\/seo\/ -->\n<title>Tastings &amp; Workshops im Showroom von Siegfried Gin - Siegfried<\/title>\n<meta name=\"robots\" content=\"index, follow, max-snippet:-1, max-image-preview:large, max-video-preview:-1\" \/>\n<link rel=\"canonical\" href=\"https:\/\/www.hellosiegfried.com\/at\/gin-tastings\/\" \/>\n<meta property=\"og:locale\" content=\"de_DE\" \/>\n<meta property=\"og:type\" content=\"article\" \/>\n<meta property=\"og:title\" content=\"Tastings &amp; Workshops im Showroom von Siegfried Gin - Siegfried\" \/>\n<meta property=\"og:url\" content=\"https:\/\/www.hellosiegfried.com\/at\/gin-tastings\/\" \/>\n<meta property=\"og:site_name\" content=\"Siegfried\" \/>\n<meta property=\"article:modified_time\" content=\"2023-05-08T09:30:34+00:00\" \/>\n<meta property=\"og:image\" content=\"https:\/\/www.hellosiegfried.com\/wp-content\/uploads\/2020\/05\/barshot.jpg\" \/>\n\t<meta property=\"og:image:width\" content=\"1800\" \/>\n\t<meta property=\"og:image:height\" content=\"1200\" \/>\n\t<meta property=\"og:image:type\" content=\"image\/jpeg\" \/>\n<meta name=\"twitter:card\" content=\"summary_large_image\" \/>\n<meta name=\"twitter:label1\" content=\"Gesch\u00e4tzte Lesezeit\" \/>\n\t<meta name=\"twitter:data1\" content=\"11 Minuten\" \/>\n<script type=\"application\/ld+json\" class=\"yoast-schema-graph\">{\"@context\":\"https:\/\/schema.org\",\"@graph\":[{\"@type\":\"WebPage\",\"@id\":\"https:\/\/www.hellosiegfried.com\/at\/gin-tastings\/\",\"url\":\"https:\/\/www.hellosiegfried.com\/at\/gin-tastings\/\",\"name\":\"Tastings & Workshops im Showroom von Siegfried Gin - Siegfried\",\"isPartOf\":{\"@id\":\"https:\/\/www.hellosiegfried.com\/#website\"},\"primaryImageOfPage\":{\"@id\":\"https:\/\/www.hellosiegfried.com\/at\/gin-tastings\/#primaryimage\"},\"image\":{\"@id\":\"https:\/\/www.hellosiegfried.com\/at\/gin-tastings\/#primaryimage\"},\"thumbnailUrl\":\"https:\/\/www.hellosiegfried.com\/wp-content\/uploads\/2020\/05\/barshot.jpg\",\"datePublished\":\"2020-05-10T11:12:05+00:00\",\"dateModified\":\"2023-05-08T09:30:34+00:00\",\"breadcrumb\":{\"@id\":\"https:\/\/www.hellosiegfried.com\/at\/gin-tastings\/#breadcrumb\"},\"inLanguage\":\"de-AT\",\"potentialAction\":[{\"@type\":\"ReadAction\",\"target\":[\"https:\/\/www.hellosiegfried.com\/at\/gin-tastings\/\"]}]},{\"@type\":\"ImageObject\",\"inLanguage\":\"de-AT\",\"@id\":\"https:\/\/www.hellosiegfried.com\/at\/gin-tastings\/#primaryimage\",\"url\":\"https:\/\/www.hellosiegfried.com\/wp-content\/uploads\/2020\/05\/barshot.jpg\",\"contentUrl\":\"https:\/\/www.hellosiegfried.com\/wp-content\/uploads\/2020\/05\/barshot.jpg\",\"width\":1800,\"height\":1200},{\"@type\":\"BreadcrumbList\",\"@id\":\"https:\/\/www.hellosiegfried.com\/at\/gin-tastings\/#breadcrumb\",\"itemListElement\":[{\"@type\":\"ListItem\",\"position\":1,\"name\":\"Startseite\",\"item\":\"https:\/\/www.hellosiegfried.com\/at\/say-hello-to-siegfried\/\"},{\"@type\":\"ListItem\",\"position\":2,\"name\":\"Tastings &#038; Workshops im Showroom von Siegfried Gin\"}]},{\"@type\":\"WebSite\",\"@id\":\"https:\/\/www.hellosiegfried.com\/#website\",\"url\":\"https:\/\/www.hellosiegfried.com\/\",\"name\":\"Siegfried\",\"description\":\"Better good times - mit oder ohne Alkohol\",\"potentialAction\":[{\"@type\":\"SearchAction\",\"target\":{\"@type\":\"EntryPoint\",\"urlTemplate\":\"https:\/\/www.hellosiegfried.com\/?s={search_term_string}\"},\"query-input\":{\"@type\":\"PropertyValueSpecification\",\"valueRequired\":true,\"valueName\":\"search_term_string\"}}],\"inLanguage\":\"de-AT\"}]}<\/script>\n<!-- \/ Yoast SEO plugin. -->","yoast_head_json":{"title":"Tastings & Workshops im Showroom von Siegfried Gin - Siegfried","robots":{"index":"index","follow":"follow","max-snippet":"max-snippet:-1","max-image-preview":"max-image-preview:large","max-video-preview":"max-video-preview:-1"},"canonical":"https:\/\/www.hellosiegfried.com\/at\/gin-tastings\/","og_locale":"de_DE","og_type":"article","og_title":"Tastings & Workshops im Showroom von Siegfried Gin - Siegfried","og_url":"https:\/\/www.hellosiegfried.com\/at\/gin-tastings\/","og_site_name":"Siegfried","article_modified_time":"2023-05-08T09:30:34+00:00","og_image":[{"width":1800,"height":1200,"url":"https:\/\/www.hellosiegfried.com\/wp-content\/uploads\/2020\/05\/barshot.jpg","type":"image\/jpeg"}],"twitter_card":"summary_large_image","twitter_misc":{"Gesch\u00e4tzte Lesezeit":"11 Minuten"},"schema":{"@context":"https:\/\/schema.org","@graph":[{"@type":"WebPage","@id":"https:\/\/www.hellosiegfried.com\/at\/gin-tastings\/","url":"https:\/\/www.hellosiegfried.com\/at\/gin-tastings\/","name":"Tastings & Workshops im Showroom von Siegfried Gin - Siegfried","isPartOf":{"@id":"https:\/\/www.hellosiegfried.com\/#website"},"primaryImageOfPage":{"@id":"https:\/\/www.hellosiegfried.com\/at\/gin-tastings\/#primaryimage"},"image":{"@id":"https:\/\/www.hellosiegfried.com\/at\/gin-tastings\/#primaryimage"},"thumbnailUrl":"https:\/\/www.hellosiegfried.com\/wp-content\/uploads\/2020\/05\/barshot.jpg","datePublished":"2020-05-10T11:12:05+00:00","dateModified":"2023-05-08T09:30:34+00:00","breadcrumb":{"@id":"https:\/\/www.hellosiegfried.com\/at\/gin-tastings\/#breadcrumb"},"inLanguage":"de-AT","potentialAction":[{"@type":"ReadAction","target":["https:\/\/www.hellosiegfried.com\/at\/gin-tastings\/"]}]},{"@type":"ImageObject","inLanguage":"de-AT","@id":"https:\/\/www.hellosiegfried.com\/at\/gin-tastings\/#primaryimage","url":"https:\/\/www.hellosiegfried.com\/wp-content\/uploads\/2020\/05\/barshot.jpg","contentUrl":"https:\/\/www.hellosiegfried.com\/wp-content\/uploads\/2020\/05\/barshot.jpg","width":1800,"height":1200},{"@type":"BreadcrumbList","@id":"https:\/\/www.hellosiegfried.com\/at\/gin-tastings\/#breadcrumb","itemListElement":[{"@type":"ListItem","position":1,"name":"Startseite","item":"https:\/\/www.hellosiegfried.com\/at\/say-hello-to-siegfried\/"},{"@type":"ListItem","position":2,"name":"Tastings &#038; Workshops im Showroom von Siegfried Gin"}]},{"@type":"WebSite","@id":"https:\/\/www.hellosiegfried.com\/#website","url":"https:\/\/www.hellosiegfried.com\/","name":"Siegfried","description":"Better good times - mit oder ohne Alkohol","potentialAction":[{"@type":"SearchAction","target":{"@type":"EntryPoint","urlTemplate":"https:\/\/www.hellosiegfried.com\/?s={search_term_string}"},"query-input":{"@type":"PropertyValueSpecification","valueRequired":true,"valueName":"search_term_string"}}],"inLanguage":"de-AT"}]}},"_links":{"self":[{"href":"https:\/\/www.hellosiegfried.com\/at\/wp-json\/wp\/v2\/pages\/57148","targetHints":{"allow":["GET"]}}],"collection":[{"href":"https:\/\/www.hellosiegfried.com\/at\/wp-json\/wp\/v2\/pages"}],"about":[{"href":"https:\/\/www.hellosiegfried.com\/at\/wp-json\/wp\/v2\/types\/page"}],"author":[{"embeddable":true,"href":"https:\/\/www.hellosiegfried.com\/at\/wp-json\/wp\/v2\/users\/3"}],"replies":[{"embeddable":true,"href":"https:\/\/www.hellosiegfried.com\/at\/wp-json\/wp\/v2\/comments?post=57148"}],"version-history":[{"count":9,"href":"https:\/\/www.hellosiegfried.com\/at\/wp-json\/wp\/v2\/pages\/57148\/revisions"}],"predecessor-version":[{"id":76885,"href":"https:\/\/www.hellosiegfried.com\/at\/wp-json\/wp\/v2\/pages\/57148\/revisions\/76885"}],"wp:featuredmedia":[{"embeddable":true,"href":"https:\/\/www.hellosiegfried.com\/at\/wp-json\/wp\/v2\/media\/57149"}],"wp:attachment":[{"href":"https:\/\/www.hellosiegfried.com\/at\/wp-json\/wp\/v2\/media?parent=57148"}],"curies":[{"name":"wp","href":"https:\/\/api.w.org\/{rel}","templated":true}]}}